{"id":3021,"date":"2025-10-20T10:12:25","date_gmt":"2025-10-20T08:12:25","guid":{"rendered":"https:\/\/gevangenpoort.bureaurotterdam.nl\/?page_id=3021"},"modified":"2025-10-29T17:39:55","modified_gmt":"2025-10-29T15:39:55","slug":"entdecken-sie-die-herzzerreissenden-geschichten-an-dem-ort","status":"publish","type":"page","link":"https:\/\/gevangenpoort.nl\/de\/entdecken-sie-die-herzzerreissenden-geschichten-an-dem-ort\/","title":{"rendered":"Entdecken Sie die herzzerrei\u00dfenden Geschichten an dem Ort"},"content":{"rendered":"<div class=\"wpb-content-wrapper\"><p>[vc_row row_height_percent=&#8220;0&#8243; override_padding=&#8220;yes&#8220; h_padding=&#8220;0&#8243; top_padding=&#8220;2&#8243; bottom_padding=&#8220;0&#8243; overlay_alpha=&#8220;50&#8243; gutter_size=&#8220;3&#8243; column_width_percent=&#8220;100&#8243; shift_y=&#8220;0&#8243; z_index=&#8220;0&#8243; content_parallax=&#8220;0&#8243; uncode_shortcode_id=&#8220;181998&#8243;][vc_column column_width_percent=&#8220;80&#8243; align_horizontal=&#8220;align_center&#8220; gutter_size=&#8220;3&#8243; override_padding=&#8220;yes&#8220; column_padding=&#8220;2&#8243; font_family=&#8220;font-623990&#8243; overlay_alpha=&#8220;50&#8243; shift_x=&#8220;0&#8243; shift_y=&#8220;0&#8243; shift_y_down=&#8220;0&#8243; z_index=&#8220;0&#8243; align_medium=&#8220;align_center_tablet&#8220; medium_width=&#8220;0&#8243; align_mobile=&#8220;align_center_mobile&#8220; mobile_width=&#8220;0&#8243; width=&#8220;1\/1&#8243; uncode_shortcode_id=&#8220;184214&#8243;][vc_icon position=&#8220;bottom&#8220; icon_image=&#8220;63&#8243; media_size=&#8220;40&#8243; heading_semantic=&#8220;h1&#8243; text_font=&#8220;font-623990&#8243; text_size=&#8220;h1&#8243; uncode_shortcode_id=&#8220;794836&#8243; title=&#8220;Entdecken Sie die herzzerrei\u00dfenden Geschichten an dem Ort, an dem Geschichte geschrieben wurde&#8220;][\/vc_icon][\/vc_column][\/vc_row][vc_row][vc_column column_width_percent=&#8220;100&#8243; position_horizontal=&#8220;left&#8220; gutter_size=&#8220;3&#8243; font_family=&#8220;font-623990&#8243; overlay_alpha=&#8220;50&#8243; shift_x=&#8220;0&#8243; shift_y=&#8220;0&#8243; shift_y_down=&#8220;0&#8243; z_index=&#8220;0&#8243; medium_width=&#8220;0&#8243; mobile_width=&#8220;0&#8243; width=&#8220;1\/1&#8243; uncode_shortcode_id=&#8220;733744&#8243;][vc_column_text uncode_shortcode_id=&#8220;213083&#8243;]<\/p>\n<h3>Haben Sie schon einmal ein altes Gef\u00e4ngnis von innen gesehen? Kennen Sie schon unseren Gef\u00e4ngnisw\u00e4rter, den Henker oder den Richter? Kennen Sie die grausame Geschichte der Br\u00fcder De Witt und des Katastrophenjahres?<\/h3>\n<p>[\/vc_column_text][\/vc_column][\/vc_row][vc_row row_height_percent=&#8220;0&#8243; override_padding=&#8220;yes&#8220; h_padding=&#8220;2&#8243; top_padding=&#8220;0&#8243; bottom_padding=&#8220;0&#8243; overlay_alpha=&#8220;50&#8243; gutter_size=&#8220;5&#8243; column_width_percent=&#8220;100&#8243; shift_y=&#8220;0&#8243; z_index=&#8220;0&#8243; content_parallax=&#8220;0&#8243; uncode_shortcode_id=&#8220;890304&#8243;][vc_column column_width_percent=&#8220;100&#8243; position_horizontal=&#8220;left&#8220; gutter_size=&#8220;2&#8243; font_family=&#8220;font-623990&#8243; overlay_alpha=&#8220;50&#8243; shift_x=&#8220;0&#8243; shift_y=&#8220;0&#8243; shift_y_down=&#8220;0&#8243; z_index=&#8220;0&#8243; medium_width=&#8220;0&#8243; mobile_width=&#8220;0&#8243; width=&#8220;1\/1&#8243; uncode_shortcode_id=&#8220;172023&#8243;][vc_column_text uncode_shortcode_id=&#8220;102352&#8243;]Erlebe, wie es fr\u00fcher war, eingesperrt, verh\u00f6rt und bestraft zu werden. Besuchen Sie die kalten Zellen, in die auch im Sommer kaum Licht gelangt. Stellen Sie sich vor, wie es war, dort festzusitzen. Mit einem Besuch im\u00a0Folterkeller in Aussicht&#8230;[\/vc_column_text][\/vc_column][\/vc_row][vc_row row_height_percent=&#8220;0&#8243; override_padding=&#8220;yes&#8220; h_padding=&#8220;2&#8243; top_padding=&#8220;0&#8243; bottom_padding=&#8220;0&#8243; overlay_alpha=&#8220;50&#8243; gutter_size=&#8220;3&#8243; column_width_percent=&#8220;100&#8243; shift_y=&#8220;0&#8243; z_index=&#8220;0&#8243; content_parallax=&#8220;0&#8243; uncode_shortcode_id=&#8220;205693&#8243;][vc_column column_width_percent=&#8220;100&#8243; align_horizontal=&#8220;align_center&#8220; gutter_size=&#8220;2&#8243; font_family=&#8220;font-623990&#8243; overlay_alpha=&#8220;50&#8243; shift_x=&#8220;0&#8243; shift_y=&#8220;0&#8243; shift_y_down=&#8220;0&#8243; z_index=&#8220;0&#8243; medium_width=&#8220;0&#8243; mobile_width=&#8220;0&#8243; width=&#8220;1\/1&#8243; uncode_shortcode_id=&#8220;853408&#8243;][vc_custom_heading text_color=&#8220;color-144797&#8243; text_font=&#8220;font-107350&#8243; text_size=&#8220;h3&#8243; uncode_shortcode_id=&#8220;549288&#8243; text_color_type=&#8220;uncode-palette&#8220;]<\/p>\n<blockquote><p>Das Gef\u00e4ngnistor ist der aufregendste Ausflug in Den Haag, f\u00fcr Jung und Alt. Trauen Sie sich?<\/p><\/blockquote>\n<p>[\/vc_custom_heading][\/vc_column][\/vc_row][vc_row row_height_percent=&#8220;0&#8243; override_padding=&#8220;yes&#8220; h_padding=&#8220;2&#8243; top_padding=&#8220;0&#8243; bottom_padding=&#8220;0&#8243; overlay_alpha=&#8220;50&#8243; gutter_size=&#8220;3&#8243; column_width_percent=&#8220;100&#8243; shift_y=&#8220;0&#8243; z_index=&#8220;0&#8243; content_parallax=&#8220;0&#8243; uncode_shortcode_id=&#8220;205693&#8243;][vc_column column_width_percent=&#8220;100&#8243; align_horizontal=&#8220;align_center&#8220; gutter_size=&#8220;2&#8243; font_family=&#8220;font-623990&#8243; overlay_alpha=&#8220;50&#8243; shift_x=&#8220;0&#8243; shift_y=&#8220;0&#8243; shift_y_down=&#8220;0&#8243; z_index=&#8220;0&#8243; medium_width=&#8220;0&#8243; mobile_width=&#8220;0&#8243; width=&#8220;1\/1&#8243; uncode_shortcode_id=&#8220;605997&#8243;][vc_button button_color=&#8220;color-144797&#8243; border_width=&#8220;0&#8243; link=&#8220;url:https%3A%2F%2Fticketshop.gevangenpoort.nl%2Fnl%2Ftickets%3F_ga%3D2.102774464.155840732.1760515327-1796021655.1750757580%26_gac%3D1.95037806.1758632471.CjwKCAjwisnGBhAXEiwA0zEORzs-Wfu3HrfrIBwYsxaJQL2rS9ZrzHtVGrLsrzMLpMyQd6M-4UkfixoCwbQQAvD_BwE|target:_blank&#8220; button_color_type=&#8220;uncode-palette&#8220; uncode_shortcode_id=&#8220;145938&#8243;]Bestellen Sie hier Ihre Tickets[\/vc_button][\/vc_column][\/vc_row][vc_row][vc_column column_width_percent=&#8220;100&#8243; gutter_size=&#8220;3&#8243; font_family=&#8220;font-623990&#8243; overlay_alpha=&#8220;50&#8243; shift_x=&#8220;0&#8243; shift_y=&#8220;0&#8243; shift_y_down=&#8220;0&#8243; z_index=&#8220;0&#8243; medium_width=&#8220;0&#8243; mobile_width=&#8220;0&#8243; width=&#8220;1\/1&#8243; uncode_shortcode_id=&#8220;539085&#8243;][vc_column_text uncode_shortcode_id=&#8220;797424&#8243;]<\/p>\n<ul>\n<li>Besuchen Sie dieses ber\u00fchmte Geb\u00e4ude, das mit der niederl\u00e4ndischen Geschichte verwoben ist<\/li>\n<li>Entdecken Sie das mittelalterliche Gef\u00e4ngnis mit Zellen f\u00fcr Arm und Reich<\/li>\n<li>Siehe die Nationale Sammlung von Folter- und Strafinstrumenten<\/li>\n<li>Kostenlose Audiotour (Niederl\u00e4ndisch, Englisch, Deutsch) und t\u00e4gliche F\u00fchrungen<\/li>\n<li>Besichtigung: ca. 1 \u2013 1,5 Stunden<\/li>\n<li>Ein Erlebnis f\u00fcr Gro\u00df und Klein!<\/li>\n<\/ul>\n<p>[\/vc_column_text][vc_single_image media=&#8220;1686&#8243; media_width_percent=&#8220;100&#8243; uncode_shortcode_id=&#8220;140150&#8243;][vc_column_text uncode_shortcode_id=&#8220;598455&#8243;]<\/p>\n<h3>Die Geschichte des Gef\u00e4ngnistors<\/h3>\n<p>Einst bildete dieses Geb\u00e4ude das Haupttor des Schlosses der Grafen von Holland, heute als Binnenhof (Sitz des Niederl\u00e4ndischen Parlaments) bekannt. Im 15. Jahrhundert wurde das mittelalterliche Tor zum wichtigsten Gef\u00e4ngnis des m\u00e4chtigen Hofs von Holland. Sp\u00e4ter wurde es um die Gajolen (Zellen) sowie ein Gerichtsgeb\u00e4ude erweitert.<\/p>\n<p>Verd\u00e4chtige wurden in Erwartung ihrer Vernehmung und des Urteils in den finsteren Gajolen eingesperrt. Um ein Gest\u00e4ndnis zu erzwingen, wurden sie teilweise in den sogenannten Pijnkelder (Folterkammer) gebracht. Das Urteil wurde nach dem Gerichtsurteil vollstreckt, wenn m\u00f6glich mit gro\u00dfem Publikum.[\/vc_column_text][vc_single_image media=&#8220;1689&#8243; media_width_percent=&#8220;100&#8243; uncode_shortcode_id=&#8220;139065&#8243;][vc_column_text uncode_shortcode_id=&#8220;209299&#8243;]Unter den Gefangenen im Gevangenpoort befanden sich bekannte Holl\u00e4nder wie Cornelis de Witt und der Dirk Volckertszoon Coornhert. Sie hatten dort ihre eigene Luxuszelle, die Ridderkamer (Ritterzimmer). Aus dem Damenzimmer blickte man auf das Hofvijver und das Stadtleben.<\/p>\n<p>Seit 1882 ist der Gevangenpoort ein staatliches Museum mit einer nationalen Sammlung von Straf- und Folterwerkzeugen. Das Museum erz\u00e4hlt die Geschichte von Verbrechen und Strafe vom 15. bis zum 19. Jahrhundert. Vier Jahrhunderte Gef\u00e4ngnis, Verh\u00f6re und Bestrafung.<\/p>\n<ul>\n<li>Weniger geeignet f\u00fcr kleine Kinder (unter 8 Jahren)<\/li>\n<li>Nicht f\u00fcr Behinderte geeignet (viele Treppen)<\/li>\n<li>Die F\u00fchrung wird separat gebucht<\/li>\n<\/ul>\n<p>[\/vc_column_text][\/vc_column][\/vc_row][vc_row row_height_percent=&#8220;0&#8243; override_padding=&#8220;yes&#8220; h_padding=&#8220;2&#8243; top_padding=&#8220;0&#8243; bottom_padding=&#8220;0&#8243; overlay_alpha=&#8220;50&#8243; gutter_size=&#8220;3&#8243; column_width_percent=&#8220;100&#8243; shift_y=&#8220;0&#8243; z_index=&#8220;0&#8243; content_parallax=&#8220;0&#8243; uncode_shortcode_id=&#8220;587966&#8243;][vc_column width=&#8220;1\/1&#8243;][vc_custom_heading text_color=&#8220;color-144797&#8243; text_font=&#8220;font-107350&#8243; text_size=&#8220;h3&#8243; uncode_shortcode_id=&#8220;877211&#8243; text_color_type=&#8220;uncode-palette&#8220;]<\/p>\n<blockquote><p>T\u00e4glich finden\u00a0<a href=\"\/de\/besuchsinformationen\/\">F\u00fchrungen<\/a>\u00a0durch den Zellkomplex mit fachkundigen F\u00fchrern statt.<\/p><\/blockquote>\n<p>[\/vc_custom_heading][\/vc_column][\/vc_row][vc_row row_height_percent=&#8220;0&#8243; override_padding=&#8220;yes&#8220; h_padding=&#8220;2&#8243; top_padding=&#8220;0&#8243; bottom_padding=&#8220;3&#8243; overlay_alpha=&#8220;50&#8243; gutter_size=&#8220;3&#8243; column_width_percent=&#8220;100&#8243; shift_y=&#8220;0&#8243; z_index=&#8220;0&#8243; content_parallax=&#8220;0&#8243; uncode_shortcode_id=&#8220;576866&#8243;][vc_column column_width_percent=&#8220;100&#8243; align_horizontal=&#8220;align_center&#8220; gutter_size=&#8220;3&#8243; font_family=&#8220;font-623990&#8243; overlay_alpha=&#8220;50&#8243; shift_x=&#8220;0&#8243; shift_y=&#8220;0&#8243; shift_y_down=&#8220;0&#8243; z_index=&#8220;0&#8243; medium_width=&#8220;0&#8243; mobile_width=&#8220;0&#8243; width=&#8220;1\/1&#8243; uncode_shortcode_id=&#8220;193093&#8243;][vc_single_image media=&#8220;278&#8243; media_width_percent=&#8220;20&#8243; alignment=&#8220;center&#8220; uncode_shortcode_id=&#8220;174974&#8243;][\/vc_column][\/vc_row]<\/p>\n<\/div>","protected":false},"excerpt":{"rendered":"<p>[vc_row row_height_percent=&#8220;0&#8243; override_padding=&#8220;yes&#8220; h_padding=&#8220;0&#8243; top_padding=&#8220;2&#8243; bottom_padding=&#8220;0&#8243; overlay_alpha=&#8220;50&#8243; gutter_size=&#8220;3&#8243; column_width_percent=&#8220;100&#8243; shift_y=&#8220;0&#8243; z_index=&#8220;0&#8243; content_parallax=&#8220;0&#8243; uncode_shortcode_id=&#8220;181998&#8243;][vc_column column_width_percent=&#8220;80&#8243; align_horizontal=&#8220;align_center&#8220; gutter_size=&#8220;3&#8243; override_padding=&#8220;yes&#8220; column_padding=&#8220;2&#8243; font_family=&#8220;font-623990&#8243; overlay_alpha=&#8220;50&#8243; [&hellip;]<\/p>\n","protected":false},"author":1,"featured_media":79,"parent":0,"menu_order":0,"comment_status":"closed","ping_status":"closed","template":"","meta":{"_acf_changed":false,"footnotes":""},"class_list":["post-3021","page","type-page","status-publish","has-post-thumbnail","hentry"],"acf":[],"yoast_head":"<!-- This site is optimized with the Yoast SEO plugin v26.3 - https:\/\/yoast.com\/wordpress\/plugins\/seo\/ -->\n<title>Entdecken Sie die herzzerrei\u00dfenden Geschichten an dem Ort - Gevangenpoort<\/title>\n<meta name=\"robots\" content=\"index, follow, max-snippet:-1, max-image-preview:large, max-video-preview:-1\" \/>\n<link rel=\"canonical\" href=\"https:\/\/gevangenpoort.nl\/de\/entdecken-sie-die-herzzerreissenden-geschichten-an-dem-ort\/\" \/>\n<meta property=\"og:locale\" content=\"de_DE\" \/>\n<meta property=\"og:type\" content=\"article\" \/>\n<meta property=\"og:title\" content=\"Entdecken Sie die herzzerrei\u00dfenden Geschichten an dem Ort - Gevangenpoort\" \/>\n<meta property=\"og:description\" content=\"[vc_row row_height_percent=&#8220;0&#8243; override_padding=&#8220;yes&#8220; h_padding=&#8220;0&#8243; top_padding=&#8220;2&#8243; bottom_padding=&#8220;0&#8243; overlay_alpha=&#8220;50&#8243; gutter_size=&#8220;3&#8243; column_width_percent=&#8220;100&#8243; shift_y=&#8220;0&#8243; z_index=&#8220;0&#8243; content_parallax=&#8220;0&#8243; uncode_shortcode_id=&#8220;181998&#8243;][vc_column column_width_percent=&#8220;80&#8243; align_horizontal=&#8220;align_center&#8220; gutter_size=&#8220;3&#8243; override_padding=&#8220;yes&#8220; column_padding=&#8220;2&#8243; font_family=&#8220;font-623990&#8243; overlay_alpha=&#8220;50&#8243; [&hellip;]\" \/>\n<meta property=\"og:url\" content=\"https:\/\/gevangenpoort.nl\/de\/entdecken-sie-die-herzzerreissenden-geschichten-an-dem-ort\/\" \/>\n<meta property=\"og:site_name\" content=\"Gevangenpoort\" \/>\n<meta property=\"article:publisher\" content=\"https:\/\/www.facebook.com\/gevangenpoort\" \/>\n<meta property=\"article:modified_time\" content=\"2025-10-29T15:39:55+00:00\" \/>\n<meta property=\"og:image\" content=\"https:\/\/gevangenpoort.nl\/wp-content\/uploads\/2025\/08\/gevangenpoort-gevel-binnenplaats.webp\" \/>\n\t<meta property=\"og:image:width\" content=\"1600\" \/>\n\t<meta property=\"og:image:height\" content=\"1066\" \/>\n\t<meta property=\"og:image:type\" content=\"image\/webp\" \/>\n<meta name=\"twitter:card\" content=\"summary_large_image\" \/>\n<meta name=\"twitter:label1\" content=\"Gesch\u00e4tzte Lesezeit\" \/>\n\t<meta name=\"twitter:data1\" content=\"5\u00a0Minuten\" \/>\n<script type=\"application\/ld+json\" class=\"yoast-schema-graph\">{\"@context\":\"https:\/\/schema.org\",\"@graph\":[{\"@type\":\"WebPage\",\"@id\":\"https:\/\/gevangenpoort.nl\/de\/entdecken-sie-die-herzzerreissenden-geschichten-an-dem-ort\/\",\"url\":\"https:\/\/gevangenpoort.nl\/de\/entdecken-sie-die-herzzerreissenden-geschichten-an-dem-ort\/\",\"name\":\"Entdecken Sie die herzzerrei\u00dfenden Geschichten an dem Ort - Gevangenpoort\",\"isPartOf\":{\"@id\":\"https:\/\/gevangenpoort.nl\/#website\"},\"primaryImageOfPage\":{\"@id\":\"https:\/\/gevangenpoort.nl\/de\/entdecken-sie-die-herzzerreissenden-geschichten-an-dem-ort\/#primaryimage\"},\"image\":{\"@id\":\"https:\/\/gevangenpoort.nl\/de\/entdecken-sie-die-herzzerreissenden-geschichten-an-dem-ort\/#primaryimage\"},\"thumbnailUrl\":\"https:\/\/gevangenpoort.nl\/wp-content\/uploads\/2025\/08\/gevangenpoort-gevel-binnenplaats.webp\",\"datePublished\":\"2025-10-20T08:12:25+00:00\",\"dateModified\":\"2025-10-29T15:39:55+00:00\",\"breadcrumb\":{\"@id\":\"https:\/\/gevangenpoort.nl\/de\/entdecken-sie-die-herzzerreissenden-geschichten-an-dem-ort\/#breadcrumb\"},\"inLanguage\":\"de\",\"potentialAction\":[{\"@type\":\"ReadAction\",\"target\":[\"https:\/\/gevangenpoort.nl\/de\/entdecken-sie-die-herzzerreissenden-geschichten-an-dem-ort\/\"]}]},{\"@type\":\"ImageObject\",\"inLanguage\":\"de\",\"@id\":\"https:\/\/gevangenpoort.nl\/de\/entdecken-sie-die-herzzerreissenden-geschichten-an-dem-ort\/#primaryimage\",\"url\":\"https:\/\/gevangenpoort.nl\/wp-content\/uploads\/2025\/08\/gevangenpoort-gevel-binnenplaats.webp\",\"contentUrl\":\"https:\/\/gevangenpoort.nl\/wp-content\/uploads\/2025\/08\/gevangenpoort-gevel-binnenplaats.webp\",\"width\":1600,\"height\":1066,\"caption\":\"Gevel van museum De Gevangenpoort met binnenplaats en historische architectuur.\"},{\"@type\":\"BreadcrumbList\",\"@id\":\"https:\/\/gevangenpoort.nl\/de\/entdecken-sie-die-herzzerreissenden-geschichten-an-dem-ort\/#breadcrumb\",\"itemListElement\":[{\"@type\":\"ListItem\",\"position\":1,\"name\":\"Home\",\"item\":\"https:\/\/gevangenpoort.nl\/de\/homepage\/\"},{\"@type\":\"ListItem\",\"position\":2,\"name\":\"Entdecken Sie die herzzerrei\u00dfenden Geschichten an dem Ort\"}]},{\"@type\":\"WebSite\",\"@id\":\"https:\/\/gevangenpoort.nl\/#website\",\"url\":\"https:\/\/gevangenpoort.nl\/\",\"name\":\"Gevangenpoort\",\"description\":\"Gevangenpoort: van toegangspoort tot Rijksmuseum\",\"publisher\":{\"@id\":\"https:\/\/gevangenpoort.nl\/#organization\"},\"potentialAction\":[{\"@type\":\"SearchAction\",\"target\":{\"@type\":\"EntryPoint\",\"urlTemplate\":\"https:\/\/gevangenpoort.nl\/?s={search_term_string}\"},\"query-input\":{\"@type\":\"PropertyValueSpecification\",\"valueRequired\":true,\"valueName\":\"search_term_string\"}}],\"inLanguage\":\"de\"},{\"@type\":\"Organization\",\"@id\":\"https:\/\/gevangenpoort.nl\/#organization\",\"name\":\"Gevangenpoort\",\"url\":\"https:\/\/gevangenpoort.nl\/\",\"logo\":{\"@type\":\"ImageObject\",\"inLanguage\":\"de\",\"@id\":\"https:\/\/gevangenpoort.nl\/#\/schema\/logo\/image\/\",\"url\":\"https:\/\/gevangenpoort.nl\/wp-content\/uploads\/2025\/08\/logo-Gevangenpoort.png\",\"contentUrl\":\"https:\/\/gevangenpoort.nl\/wp-content\/uploads\/2025\/08\/logo-Gevangenpoort.png\",\"width\":760,\"height\":229,\"caption\":\"Gevangenpoort\"},\"image\":{\"@id\":\"https:\/\/gevangenpoort.nl\/#\/schema\/logo\/image\/\"},\"sameAs\":[\"https:\/\/www.facebook.com\/gevangenpoort\",\"https:\/\/www.instagram.com\/gevangenpoort\/\"]}]}<\/script>\n<!-- \/ Yoast SEO plugin. -->","yoast_head_json":{"title":"Entdecken Sie die herzzerrei\u00dfenden Geschichten an dem Ort - Gevangenpoort","robots":{"index":"index","follow":"follow","max-snippet":"max-snippet:-1","max-image-preview":"max-image-preview:large","max-video-preview":"max-video-preview:-1"},"canonical":"https:\/\/gevangenpoort.nl\/de\/entdecken-sie-die-herzzerreissenden-geschichten-an-dem-ort\/","og_locale":"de_DE","og_type":"article","og_title":"Entdecken Sie die herzzerrei\u00dfenden Geschichten an dem Ort - Gevangenpoort","og_description":"[vc_row row_height_percent=&#8220;0&#8243; override_padding=&#8220;yes&#8220; h_padding=&#8220;0&#8243; top_padding=&#8220;2&#8243; bottom_padding=&#8220;0&#8243; overlay_alpha=&#8220;50&#8243; gutter_size=&#8220;3&#8243; column_width_percent=&#8220;100&#8243; shift_y=&#8220;0&#8243; z_index=&#8220;0&#8243; content_parallax=&#8220;0&#8243; uncode_shortcode_id=&#8220;181998&#8243;][vc_column column_width_percent=&#8220;80&#8243; align_horizontal=&#8220;align_center&#8220; gutter_size=&#8220;3&#8243; override_padding=&#8220;yes&#8220; column_padding=&#8220;2&#8243; font_family=&#8220;font-623990&#8243; overlay_alpha=&#8220;50&#8243; [&hellip;]","og_url":"https:\/\/gevangenpoort.nl\/de\/entdecken-sie-die-herzzerreissenden-geschichten-an-dem-ort\/","og_site_name":"Gevangenpoort","article_publisher":"https:\/\/www.facebook.com\/gevangenpoort","article_modified_time":"2025-10-29T15:39:55+00:00","og_image":[{"width":1600,"height":1066,"url":"https:\/\/gevangenpoort.nl\/wp-content\/uploads\/2025\/08\/gevangenpoort-gevel-binnenplaats.webp","type":"image\/webp"}],"twitter_card":"summary_large_image","twitter_misc":{"Gesch\u00e4tzte Lesezeit":"5\u00a0Minuten"},"schema":{"@context":"https:\/\/schema.org","@graph":[{"@type":"WebPage","@id":"https:\/\/gevangenpoort.nl\/de\/entdecken-sie-die-herzzerreissenden-geschichten-an-dem-ort\/","url":"https:\/\/gevangenpoort.nl\/de\/entdecken-sie-die-herzzerreissenden-geschichten-an-dem-ort\/","name":"Entdecken Sie die herzzerrei\u00dfenden Geschichten an dem Ort - Gevangenpoort","isPartOf":{"@id":"https:\/\/gevangenpoort.nl\/#website"},"primaryImageOfPage":{"@id":"https:\/\/gevangenpoort.nl\/de\/entdecken-sie-die-herzzerreissenden-geschichten-an-dem-ort\/#primaryimage"},"image":{"@id":"https:\/\/gevangenpoort.nl\/de\/entdecken-sie-die-herzzerreissenden-geschichten-an-dem-ort\/#primaryimage"},"thumbnailUrl":"https:\/\/gevangenpoort.nl\/wp-content\/uploads\/2025\/08\/gevangenpoort-gevel-binnenplaats.webp","datePublished":"2025-10-20T08:12:25+00:00","dateModified":"2025-10-29T15:39:55+00:00","breadcrumb":{"@id":"https:\/\/gevangenpoort.nl\/de\/entdecken-sie-die-herzzerreissenden-geschichten-an-dem-ort\/#breadcrumb"},"inLanguage":"de","potentialAction":[{"@type":"ReadAction","target":["https:\/\/gevangenpoort.nl\/de\/entdecken-sie-die-herzzerreissenden-geschichten-an-dem-ort\/"]}]},{"@type":"ImageObject","inLanguage":"de","@id":"https:\/\/gevangenpoort.nl\/de\/entdecken-sie-die-herzzerreissenden-geschichten-an-dem-ort\/#primaryimage","url":"https:\/\/gevangenpoort.nl\/wp-content\/uploads\/2025\/08\/gevangenpoort-gevel-binnenplaats.webp","contentUrl":"https:\/\/gevangenpoort.nl\/wp-content\/uploads\/2025\/08\/gevangenpoort-gevel-binnenplaats.webp","width":1600,"height":1066,"caption":"Gevel van museum De Gevangenpoort met binnenplaats en historische architectuur."},{"@type":"BreadcrumbList","@id":"https:\/\/gevangenpoort.nl\/de\/entdecken-sie-die-herzzerreissenden-geschichten-an-dem-ort\/#breadcrumb","itemListElement":[{"@type":"ListItem","position":1,"name":"Home","item":"https:\/\/gevangenpoort.nl\/de\/homepage\/"},{"@type":"ListItem","position":2,"name":"Entdecken Sie die herzzerrei\u00dfenden Geschichten an dem Ort"}]},{"@type":"WebSite","@id":"https:\/\/gevangenpoort.nl\/#website","url":"https:\/\/gevangenpoort.nl\/","name":"Gevangenpoort","description":"Gevangenpoort: van toegangspoort tot Rijksmuseum","publisher":{"@id":"https:\/\/gevangenpoort.nl\/#organization"},"potentialAction":[{"@type":"SearchAction","target":{"@type":"EntryPoint","urlTemplate":"https:\/\/gevangenpoort.nl\/?s={search_term_string}"},"query-input":{"@type":"PropertyValueSpecification","valueRequired":true,"valueName":"search_term_string"}}],"inLanguage":"de"},{"@type":"Organization","@id":"https:\/\/gevangenpoort.nl\/#organization","name":"Gevangenpoort","url":"https:\/\/gevangenpoort.nl\/","logo":{"@type":"ImageObject","inLanguage":"de","@id":"https:\/\/gevangenpoort.nl\/#\/schema\/logo\/image\/","url":"https:\/\/gevangenpoort.nl\/wp-content\/uploads\/2025\/08\/logo-Gevangenpoort.png","contentUrl":"https:\/\/gevangenpoort.nl\/wp-content\/uploads\/2025\/08\/logo-Gevangenpoort.png","width":760,"height":229,"caption":"Gevangenpoort"},"image":{"@id":"https:\/\/gevangenpoort.nl\/#\/schema\/logo\/image\/"},"sameAs":["https:\/\/www.facebook.com\/gevangenpoort","https:\/\/www.instagram.com\/gevangenpoort\/"]}]}},"_links":{"self":[{"href":"https:\/\/gevangenpoort.nl\/de\/wp-json\/wp\/v2\/pages\/3021","targetHints":{"allow":["GET"]}}],"collection":[{"href":"https:\/\/gevangenpoort.nl\/de\/wp-json\/wp\/v2\/pages"}],"about":[{"href":"https:\/\/gevangenpoort.nl\/de\/wp-json\/wp\/v2\/types\/page"}],"author":[{"embeddable":true,"href":"https:\/\/gevangenpoort.nl\/de\/wp-json\/wp\/v2\/users\/1"}],"replies":[{"embeddable":true,"href":"https:\/\/gevangenpoort.nl\/de\/wp-json\/wp\/v2\/comments?post=3021"}],"version-history":[{"count":23,"href":"https:\/\/gevangenpoort.nl\/de\/wp-json\/wp\/v2\/pages\/3021\/revisions"}],"predecessor-version":[{"id":3367,"href":"https:\/\/gevangenpoort.nl\/de\/wp-json\/wp\/v2\/pages\/3021\/revisions\/3367"}],"wp:featuredmedia":[{"embeddable":true,"href":"https:\/\/gevangenpoort.nl\/de\/wp-json\/wp\/v2\/media\/79"}],"wp:attachment":[{"href":"https:\/\/gevangenpoort.nl\/de\/wp-json\/wp\/v2\/media?parent=3021"}],"curies":[{"name":"wp","href":"https:\/\/api.w.org\/{rel}","templated":true}]}}