{"id":2994,"date":"2025-10-17T11:55:42","date_gmt":"2025-10-17T09:55:42","guid":{"rendered":"https:\/\/gevangenpoort.bureaurotterdam.nl\/?page_id=2994"},"modified":"2025-10-30T10:20:18","modified_gmt":"2025-10-30T08:20:18","slug":"besuchsinformationen","status":"publish","type":"page","link":"https:\/\/gevangenpoort.nl\/de\/besuchsinformationen\/","title":{"rendered":"Besuchsinformationen"},"content":{"rendered":"<div class=\"wpb-content-wrapper\"><p>[vc_row row_height_percent=&#8220;0&#8243; override_padding=&#8220;yes&#8220; h_padding=&#8220;0&#8243; top_padding=&#8220;2&#8243; bottom_padding=&#8220;0&#8243; overlay_alpha=&#8220;50&#8243; gutter_size=&#8220;3&#8243; column_width_percent=&#8220;100&#8243; shift_y=&#8220;0&#8243; z_index=&#8220;0&#8243; content_parallax=&#8220;0&#8243; uncode_shortcode_id=&#8220;181998&#8243;][vc_column column_width_percent=&#8220;80&#8243; align_horizontal=&#8220;align_center&#8220; gutter_size=&#8220;3&#8243; override_padding=&#8220;yes&#8220; column_padding=&#8220;2&#8243; font_family=&#8220;font-623990&#8243; overlay_alpha=&#8220;50&#8243; shift_x=&#8220;0&#8243; shift_y=&#8220;0&#8243; shift_y_down=&#8220;0&#8243; z_index=&#8220;0&#8243; align_medium=&#8220;align_center_tablet&#8220; medium_width=&#8220;0&#8243; align_mobile=&#8220;align_center_mobile&#8220; mobile_width=&#8220;0&#8243; width=&#8220;1\/1&#8243; uncode_shortcode_id=&#8220;774918&#8243;][vc_icon position=&#8220;bottom&#8220; icon_image=&#8220;63&#8243; media_size=&#8220;40&#8243; heading_semantic=&#8220;h1&#8243; text_font=&#8220;font-623990&#8243; text_size=&#8220;h1&#8243; uncode_shortcode_id=&#8220;490814&#8243; title=&#8220;Besuchsinformationen&#8220;][\/vc_icon][\/vc_column][\/vc_row][vc_row][vc_column column_width_percent=&#8220;100&#8243; gutter_size=&#8220;3&#8243; font_family=&#8220;font-623990&#8243; overlay_alpha=&#8220;50&#8243; shift_x=&#8220;0&#8243; shift_y=&#8220;0&#8243; shift_y_down=&#8220;0&#8243; z_index=&#8220;0&#8243; medium_width=&#8220;0&#8243; mobile_width=&#8220;0&#8243; width=&#8220;1\/1&#8243; uncode_shortcode_id=&#8220;398724&#8243;][vc_column_text uncode_shortcode_id=&#8220;488867&#8243;]<\/p>\n<h3>M\u00f6chten Sie das Museum besuchen? Kaufen Sie vorab online ein Ticket f\u00fcr garantierten Eintritt.<\/h3>\n<p>[\/vc_column_text][\/vc_column][\/vc_row][vc_row row_height_percent=&#8220;0&#8243; override_padding=&#8220;yes&#8220; h_padding=&#8220;2&#8243; top_padding=&#8220;0&#8243; bottom_padding=&#8220;0&#8243; overlay_alpha=&#8220;50&#8243; gutter_size=&#8220;5&#8243; column_width_percent=&#8220;100&#8243; shift_y=&#8220;0&#8243; z_index=&#8220;0&#8243; content_parallax=&#8220;0&#8243; uncode_shortcode_id=&#8220;856755&#8243;][vc_column column_width_percent=&#8220;100&#8243; gutter_size=&#8220;2&#8243; font_family=&#8220;font-623990&#8243; overlay_alpha=&#8220;50&#8243; shift_x=&#8220;0&#8243; shift_y=&#8220;0&#8243; shift_y_down=&#8220;0&#8243; z_index=&#8220;0&#8243; medium_width=&#8220;0&#8243; mobile_width=&#8220;0&#8243; width=&#8220;1\/1&#8243; uncode_shortcode_id=&#8220;156359&#8243;][vc_column_text uncode_shortcode_id=&#8220;102352&#8243;]Erlebe, wie es fr\u00fcher war, eingesperrt, verh\u00f6rt und bestraft zu werden. Besuchen Sie die kalten Zellen, in die auch im Sommer kaum Licht gelangt. Stellen Sie sich vor, wie es war, dort festzusitzen. Mit einem Besuch im\u00a0Folterkeller in Aussicht&#8230;[\/vc_column_text][\/vc_column][\/vc_row][vc_row row_height_percent=&#8220;0&#8243; override_padding=&#8220;yes&#8220; h_padding=&#8220;2&#8243; top_padding=&#8220;2&#8243; bottom_padding=&#8220;2&#8243; overlay_alpha=&#8220;50&#8243; gutter_size=&#8220;3&#8243; column_width_percent=&#8220;100&#8243; shift_y=&#8220;0&#8243; z_index=&#8220;0&#8243; content_parallax=&#8220;0&#8243; uncode_shortcode_id=&#8220;147996&#8243;][vc_column width=&#8220;1\/1&#8243;][vc_column_text uncode_shortcode_id=&#8220;596476&#8243;]<\/p>\n<h3><strong>\u00d6ffnungszeiten<\/strong><\/h3>\n<ul>\n<li>Montags von 11:00 bis 17:00 Uhr<\/li>\n<li>Dienstag bis Freitag von 10:00 bis 17:00 Uhr<\/li>\n<li>Samstag und Sonntag von 11:00 bis 17:00 Uhr<\/li>\n<\/ul>\n<p>Beachten Sie, dass pro viertel Stunde nur eine begrenzte Anzahl von Personen zugelassen wird. Wir empfehlen Ihnen, Ihre Tickets im Voraus online zu kaufen, wenn viel los ist (Wochenenden, Feiertage).<\/p>\n<h3><strong>Preise<\/strong><\/h3>\n<ul>\n<li>Erwachsene (ab 18 Jahre): \u20ac 15,00<\/li>\n<li>Kinder 4 bis 17 Jahre: \u20ac 7,50<\/li>\n<li>HBO- und WO-Studenten, CJP: \u20ac 7,50<\/li>\n<li>DenHaagPas \/ MiniCard: \u20ac 2,- Rabatt<\/li>\n<li>Museumskarte: kostenlos<\/li>\n<li>VIP-Karte Freundeslotterie: kostenlos<\/li>\n<li>Rembrandt-Pass: kostenlos<\/li>\n<li>ICOM-Pass: kostenlos<\/li>\n<li>Ooievaarspas, Rotterdampas: kostenlos<\/li>\n<li>Begleitperson von Menschen mit Behinderung: kostenlos<\/li>\n<\/ul>\n<h3><strong>F\u00fchrungen<\/strong><\/h3>\n<p>T\u00e4glich k\u00f6nnen Sie an einer gef\u00fchrten Tour teilnehmen, die von einem unserer erfahrenen Guides gegeben wird. Ihr F\u00fchrer f\u00fchrt Sie durch das Gef\u00e4ngnistor und l\u00e4sst Sie die Ziele erleben, wie es ein Gefangener fr\u00fcher getan hat. Sie erleben die letzten Momente der Gebr\u00fcder De Witt, als w\u00e4ren Sie selbst dabei, und sie erkl\u00e4ren, wof\u00fcr die Folterinstrumente in der Vergangenheit verwendet wurden.<\/p>\n<p>Es gibt F\u00fchrungen in zwei Sprachen:<\/p>\n<ul>\n<li>12:00 Uhr: Englischsprachig (Samstag und Sonntag)<\/li>\n<li>13:00 Uhr: Niederl\u00e4ndischsprachig (t\u00e4glich)<\/li>\n<li>14:00 Uhr: Niederl\u00e4ndischsprachig (t\u00e4glich)<\/li>\n<\/ul>\n<p>Die F\u00fchrung durch den Zellenkomplex dauert etwa 50 Minuten. Sie k\u00f6nnen vorher oder nachher den Rest des Museums besuchen. Der Preis betr\u00e4gt \u20ac 5,00 pro Person.[\/vc_column_text][\/vc_column][\/vc_row][vc_row row_height_percent=&#8220;0&#8243; override_padding=&#8220;yes&#8220; h_padding=&#8220;2&#8243; top_padding=&#8220;0&#8243; bottom_padding=&#8220;0&#8243; overlay_alpha=&#8220;50&#8243; gutter_size=&#8220;3&#8243; column_width_percent=&#8220;100&#8243; shift_y=&#8220;0&#8243; z_index=&#8220;0&#8243; content_parallax=&#8220;0&#8243; uncode_shortcode_id=&#8220;189913&#8243;][vc_column column_width_percent=&#8220;100&#8243; align_horizontal=&#8220;align_center&#8220; gutter_size=&#8220;3&#8243; font_family=&#8220;font-623990&#8243; overlay_alpha=&#8220;50&#8243; shift_x=&#8220;0&#8243; shift_y=&#8220;0&#8243; shift_y_down=&#8220;0&#8243; z_index=&#8220;0&#8243; medium_width=&#8220;0&#8243; mobile_width=&#8220;0&#8243; width=&#8220;1\/1&#8243; uncode_shortcode_id=&#8220;887215&#8243;][vc_button button_color=&#8220;color-144797&#8243; border_width=&#8220;0&#8243; link=&#8220;url:https%3A%2F%2Fticketshop.gevangenpoort.nl%2Fnl%2Frondleidingen%2Ftickets%3F_ga%3D2.63233391.155840732.1760515327-1796021655.1750757580%26_gac%3D1.86707690.1758632471.CjwKCAjwisnGBhAXEiwA0zEORzs-Wfu3HrfrIBwYsxaJQL2rS9ZrzHtVGrLsrzMLpMyQd6M-4UkfixoCwbQQAvD_BwE|title:Bestellen%20Sie%20hier%20Ihr%20F%C3%BChrung|target:_blank&#8220; button_color_type=&#8220;uncode-palette&#8220; uncode_shortcode_id=&#8220;221801&#8243;]Bestellen Sie hier Ihr F\u00fchrung[\/vc_button][\/vc_column][\/vc_row][vc_row row_height_percent=&#8220;0&#8243; override_padding=&#8220;yes&#8220; h_padding=&#8220;2&#8243; top_padding=&#8220;2&#8243; bottom_padding=&#8220;3&#8243; overlay_alpha=&#8220;50&#8243; gutter_size=&#8220;3&#8243; column_width_percent=&#8220;100&#8243; shift_y=&#8220;0&#8243; z_index=&#8220;0&#8243; content_parallax=&#8220;0&#8243; uncode_shortcode_id=&#8220;125361&#8243;][vc_column width=&#8220;1\/1&#8243;][vc_column_text uncode_shortcode_id=&#8220;348711&#8243;]<\/p>\n<h3><strong>Audio-F\u00fchrungen<\/strong><\/h3>\n<p>Um die Geschichten des Gef\u00e4ngnistor zu erleben, erhalten Sie zu Beginn Ihres Besuchs einen interaktiven Audioguide (Niederl\u00e4ndisch, Deutsch, Englisch). Diese kostenlose Tour f\u00fchrt Sie durch den Zellenkomplex und die Ausstellung im Gerichtsgeb\u00e4ude.[\/vc_column_text][\/vc_column][\/vc_row][vc_row row_height_percent=&#8220;0&#8243; back_color=&#8220;color-350703&#8243; overlay_alpha=&#8220;50&#8243; gutter_size=&#8220;3&#8243; column_width_percent=&#8220;100&#8243; shift_y=&#8220;0&#8243; z_index=&#8220;0&#8243; content_parallax=&#8220;0&#8243; uncode_shortcode_id=&#8220;155044&#8243; back_color_type=&#8220;uncode-palette&#8220;][vc_column width=&#8220;1\/1&#8243;][vc_custom_heading text_color=&#8220;color-144797&#8243; text_font=&#8220;font-623990&#8243; text_size=&#8220;h3&#8243; uncode_shortcode_id=&#8220;895641&#8243; text_color_type=&#8220;uncode-palette&#8220;]Wir w\u00fcnschen Ihnen einen angenehmen Museumsbesuch.[\/vc_custom_heading][\/vc_column][\/vc_row]<\/p>\n<\/div>","protected":false},"excerpt":{"rendered":"<p>[vc_row row_height_percent=&#8220;0&#8243; override_padding=&#8220;yes&#8220; h_padding=&#8220;0&#8243; top_padding=&#8220;2&#8243; bottom_padding=&#8220;0&#8243; overlay_alpha=&#8220;50&#8243; gutter_size=&#8220;3&#8243; column_width_percent=&#8220;100&#8243; shift_y=&#8220;0&#8243; z_index=&#8220;0&#8243; content_parallax=&#8220;0&#8243; uncode_shortcode_id=&#8220;181998&#8243;][vc_column column_width_percent=&#8220;80&#8243; align_horizontal=&#8220;align_center&#8220; gutter_size=&#8220;3&#8243; override_padding=&#8220;yes&#8220; column_padding=&#8220;2&#8243; font_family=&#8220;font-623990&#8243; overlay_alpha=&#8220;50&#8243; [&hellip;]<\/p>\n","protected":false},"author":1,"featured_media":2460,"parent":0,"menu_order":0,"comment_status":"closed","ping_status":"closed","template":"","meta":{"_acf_changed":false,"footnotes":""},"class_list":["post-2994","page","type-page","status-publish","has-post-thumbnail","hentry"],"acf":[],"yoast_head":"<!-- This site is optimized with the Yoast SEO plugin v26.3 - https:\/\/yoast.com\/wordpress\/plugins\/seo\/ -->\n<title>Besuchsinformationen - Gevangenpoort<\/title>\n<meta name=\"robots\" content=\"index, follow, max-snippet:-1, max-image-preview:large, max-video-preview:-1\" \/>\n<link rel=\"canonical\" href=\"https:\/\/gevangenpoort.nl\/de\/besuchsinformationen\/\" \/>\n<meta property=\"og:locale\" content=\"de_DE\" \/>\n<meta property=\"og:type\" content=\"article\" \/>\n<meta property=\"og:title\" content=\"Besuchsinformationen - Gevangenpoort\" \/>\n<meta property=\"og:description\" content=\"[vc_row row_height_percent=&#8220;0&#8243; override_padding=&#8220;yes&#8220; h_padding=&#8220;0&#8243; top_padding=&#8220;2&#8243; bottom_padding=&#8220;0&#8243; overlay_alpha=&#8220;50&#8243; gutter_size=&#8220;3&#8243; column_width_percent=&#8220;100&#8243; shift_y=&#8220;0&#8243; z_index=&#8220;0&#8243; content_parallax=&#8220;0&#8243; uncode_shortcode_id=&#8220;181998&#8243;][vc_column column_width_percent=&#8220;80&#8243; align_horizontal=&#8220;align_center&#8220; gutter_size=&#8220;3&#8243; override_padding=&#8220;yes&#8220; column_padding=&#8220;2&#8243; font_family=&#8220;font-623990&#8243; overlay_alpha=&#8220;50&#8243; [&hellip;]\" \/>\n<meta property=\"og:url\" content=\"https:\/\/gevangenpoort.nl\/de\/besuchsinformationen\/\" \/>\n<meta property=\"og:site_name\" content=\"Gevangenpoort\" \/>\n<meta property=\"article:publisher\" content=\"https:\/\/www.facebook.com\/gevangenpoort\" \/>\n<meta property=\"article:modified_time\" content=\"2025-10-30T08:20:18+00:00\" \/>\n<meta property=\"og:image\" content=\"https:\/\/gevangenpoort.nl\/wp-content\/uploads\/2025\/10\/Rijksmuseum-Gevangenpoort-guided-tour.webp\" \/>\n\t<meta property=\"og:image:width\" content=\"1600\" \/>\n\t<meta property=\"og:image:height\" content=\"1066\" \/>\n\t<meta property=\"og:image:type\" content=\"image\/webp\" \/>\n<meta name=\"twitter:card\" content=\"summary_large_image\" \/>\n<meta name=\"twitter:label1\" content=\"Gesch\u00e4tzte Lesezeit\" \/>\n\t<meta name=\"twitter:data1\" content=\"4\u00a0Minuten\" \/>\n<script type=\"application\/ld+json\" class=\"yoast-schema-graph\">{\"@context\":\"https:\/\/schema.org\",\"@graph\":[{\"@type\":\"WebPage\",\"@id\":\"https:\/\/gevangenpoort.nl\/de\/besuchsinformationen\/\",\"url\":\"https:\/\/gevangenpoort.nl\/de\/besuchsinformationen\/\",\"name\":\"Besuchsinformationen - Gevangenpoort\",\"isPartOf\":{\"@id\":\"https:\/\/gevangenpoort.nl\/#website\"},\"primaryImageOfPage\":{\"@id\":\"https:\/\/gevangenpoort.nl\/de\/besuchsinformationen\/#primaryimage\"},\"image\":{\"@id\":\"https:\/\/gevangenpoort.nl\/de\/besuchsinformationen\/#primaryimage\"},\"thumbnailUrl\":\"https:\/\/gevangenpoort.nl\/wp-content\/uploads\/2025\/10\/Rijksmuseum-Gevangenpoort-guided-tour.webp\",\"datePublished\":\"2025-10-17T09:55:42+00:00\",\"dateModified\":\"2025-10-30T08:20:18+00:00\",\"breadcrumb\":{\"@id\":\"https:\/\/gevangenpoort.nl\/de\/besuchsinformationen\/#breadcrumb\"},\"inLanguage\":\"de\",\"potentialAction\":[{\"@type\":\"ReadAction\",\"target\":[\"https:\/\/gevangenpoort.nl\/de\/besuchsinformationen\/\"]}]},{\"@type\":\"ImageObject\",\"inLanguage\":\"de\",\"@id\":\"https:\/\/gevangenpoort.nl\/de\/besuchsinformationen\/#primaryimage\",\"url\":\"https:\/\/gevangenpoort.nl\/wp-content\/uploads\/2025\/10\/Rijksmuseum-Gevangenpoort-guided-tour.webp\",\"contentUrl\":\"https:\/\/gevangenpoort.nl\/wp-content\/uploads\/2025\/10\/Rijksmuseum-Gevangenpoort-guided-tour.webp\",\"width\":1600,\"height\":1066,\"caption\":\"Prison Gate guided tour\"},{\"@type\":\"BreadcrumbList\",\"@id\":\"https:\/\/gevangenpoort.nl\/de\/besuchsinformationen\/#breadcrumb\",\"itemListElement\":[{\"@type\":\"ListItem\",\"position\":1,\"name\":\"Home\",\"item\":\"https:\/\/gevangenpoort.nl\/de\/homepage\/\"},{\"@type\":\"ListItem\",\"position\":2,\"name\":\"Besuchsinformationen\"}]},{\"@type\":\"WebSite\",\"@id\":\"https:\/\/gevangenpoort.nl\/#website\",\"url\":\"https:\/\/gevangenpoort.nl\/\",\"name\":\"Gevangenpoort\",\"description\":\"Gevangenpoort: van toegangspoort tot Rijksmuseum\",\"publisher\":{\"@id\":\"https:\/\/gevangenpoort.nl\/#organization\"},\"potentialAction\":[{\"@type\":\"SearchAction\",\"target\":{\"@type\":\"EntryPoint\",\"urlTemplate\":\"https:\/\/gevangenpoort.nl\/?s={search_term_string}\"},\"query-input\":{\"@type\":\"PropertyValueSpecification\",\"valueRequired\":true,\"valueName\":\"search_term_string\"}}],\"inLanguage\":\"de\"},{\"@type\":\"Organization\",\"@id\":\"https:\/\/gevangenpoort.nl\/#organization\",\"name\":\"Gevangenpoort\",\"url\":\"https:\/\/gevangenpoort.nl\/\",\"logo\":{\"@type\":\"ImageObject\",\"inLanguage\":\"de\",\"@id\":\"https:\/\/gevangenpoort.nl\/#\/schema\/logo\/image\/\",\"url\":\"https:\/\/gevangenpoort.nl\/wp-content\/uploads\/2025\/08\/logo-Gevangenpoort.png\",\"contentUrl\":\"https:\/\/gevangenpoort.nl\/wp-content\/uploads\/2025\/08\/logo-Gevangenpoort.png\",\"width\":760,\"height\":229,\"caption\":\"Gevangenpoort\"},\"image\":{\"@id\":\"https:\/\/gevangenpoort.nl\/#\/schema\/logo\/image\/\"},\"sameAs\":[\"https:\/\/www.facebook.com\/gevangenpoort\",\"https:\/\/www.instagram.com\/gevangenpoort\/\"]}]}<\/script>\n<!-- \/ Yoast SEO plugin. -->","yoast_head_json":{"title":"Besuchsinformationen - Gevangenpoort","robots":{"index":"index","follow":"follow","max-snippet":"max-snippet:-1","max-image-preview":"max-image-preview:large","max-video-preview":"max-video-preview:-1"},"canonical":"https:\/\/gevangenpoort.nl\/de\/besuchsinformationen\/","og_locale":"de_DE","og_type":"article","og_title":"Besuchsinformationen - Gevangenpoort","og_description":"[vc_row row_height_percent=&#8220;0&#8243; override_padding=&#8220;yes&#8220; h_padding=&#8220;0&#8243; top_padding=&#8220;2&#8243; bottom_padding=&#8220;0&#8243; overlay_alpha=&#8220;50&#8243; gutter_size=&#8220;3&#8243; column_width_percent=&#8220;100&#8243; shift_y=&#8220;0&#8243; z_index=&#8220;0&#8243; content_parallax=&#8220;0&#8243; uncode_shortcode_id=&#8220;181998&#8243;][vc_column column_width_percent=&#8220;80&#8243; align_horizontal=&#8220;align_center&#8220; gutter_size=&#8220;3&#8243; override_padding=&#8220;yes&#8220; column_padding=&#8220;2&#8243; font_family=&#8220;font-623990&#8243; overlay_alpha=&#8220;50&#8243; [&hellip;]","og_url":"https:\/\/gevangenpoort.nl\/de\/besuchsinformationen\/","og_site_name":"Gevangenpoort","article_publisher":"https:\/\/www.facebook.com\/gevangenpoort","article_modified_time":"2025-10-30T08:20:18+00:00","og_image":[{"width":1600,"height":1066,"url":"https:\/\/gevangenpoort.nl\/wp-content\/uploads\/2025\/10\/Rijksmuseum-Gevangenpoort-guided-tour.webp","type":"image\/webp"}],"twitter_card":"summary_large_image","twitter_misc":{"Gesch\u00e4tzte Lesezeit":"4\u00a0Minuten"},"schema":{"@context":"https:\/\/schema.org","@graph":[{"@type":"WebPage","@id":"https:\/\/gevangenpoort.nl\/de\/besuchsinformationen\/","url":"https:\/\/gevangenpoort.nl\/de\/besuchsinformationen\/","name":"Besuchsinformationen - Gevangenpoort","isPartOf":{"@id":"https:\/\/gevangenpoort.nl\/#website"},"primaryImageOfPage":{"@id":"https:\/\/gevangenpoort.nl\/de\/besuchsinformationen\/#primaryimage"},"image":{"@id":"https:\/\/gevangenpoort.nl\/de\/besuchsinformationen\/#primaryimage"},"thumbnailUrl":"https:\/\/gevangenpoort.nl\/wp-content\/uploads\/2025\/10\/Rijksmuseum-Gevangenpoort-guided-tour.webp","datePublished":"2025-10-17T09:55:42+00:00","dateModified":"2025-10-30T08:20:18+00:00","breadcrumb":{"@id":"https:\/\/gevangenpoort.nl\/de\/besuchsinformationen\/#breadcrumb"},"inLanguage":"de","potentialAction":[{"@type":"ReadAction","target":["https:\/\/gevangenpoort.nl\/de\/besuchsinformationen\/"]}]},{"@type":"ImageObject","inLanguage":"de","@id":"https:\/\/gevangenpoort.nl\/de\/besuchsinformationen\/#primaryimage","url":"https:\/\/gevangenpoort.nl\/wp-content\/uploads\/2025\/10\/Rijksmuseum-Gevangenpoort-guided-tour.webp","contentUrl":"https:\/\/gevangenpoort.nl\/wp-content\/uploads\/2025\/10\/Rijksmuseum-Gevangenpoort-guided-tour.webp","width":1600,"height":1066,"caption":"Prison Gate guided tour"},{"@type":"BreadcrumbList","@id":"https:\/\/gevangenpoort.nl\/de\/besuchsinformationen\/#breadcrumb","itemListElement":[{"@type":"ListItem","position":1,"name":"Home","item":"https:\/\/gevangenpoort.nl\/de\/homepage\/"},{"@type":"ListItem","position":2,"name":"Besuchsinformationen"}]},{"@type":"WebSite","@id":"https:\/\/gevangenpoort.nl\/#website","url":"https:\/\/gevangenpoort.nl\/","name":"Gevangenpoort","description":"Gevangenpoort: van toegangspoort tot Rijksmuseum","publisher":{"@id":"https:\/\/gevangenpoort.nl\/#organization"},"potentialAction":[{"@type":"SearchAction","target":{"@type":"EntryPoint","urlTemplate":"https:\/\/gevangenpoort.nl\/?s={search_term_string}"},"query-input":{"@type":"PropertyValueSpecification","valueRequired":true,"valueName":"search_term_string"}}],"inLanguage":"de"},{"@type":"Organization","@id":"https:\/\/gevangenpoort.nl\/#organization","name":"Gevangenpoort","url":"https:\/\/gevangenpoort.nl\/","logo":{"@type":"ImageObject","inLanguage":"de","@id":"https:\/\/gevangenpoort.nl\/#\/schema\/logo\/image\/","url":"https:\/\/gevangenpoort.nl\/wp-content\/uploads\/2025\/08\/logo-Gevangenpoort.png","contentUrl":"https:\/\/gevangenpoort.nl\/wp-content\/uploads\/2025\/08\/logo-Gevangenpoort.png","width":760,"height":229,"caption":"Gevangenpoort"},"image":{"@id":"https:\/\/gevangenpoort.nl\/#\/schema\/logo\/image\/"},"sameAs":["https:\/\/www.facebook.com\/gevangenpoort","https:\/\/www.instagram.com\/gevangenpoort\/"]}]}},"_links":{"self":[{"href":"https:\/\/gevangenpoort.nl\/de\/wp-json\/wp\/v2\/pages\/2994","targetHints":{"allow":["GET"]}}],"collection":[{"href":"https:\/\/gevangenpoort.nl\/de\/wp-json\/wp\/v2\/pages"}],"about":[{"href":"https:\/\/gevangenpoort.nl\/de\/wp-json\/wp\/v2\/types\/page"}],"author":[{"embeddable":true,"href":"https:\/\/gevangenpoort.nl\/de\/wp-json\/wp\/v2\/users\/1"}],"replies":[{"embeddable":true,"href":"https:\/\/gevangenpoort.nl\/de\/wp-json\/wp\/v2\/comments?post=2994"}],"version-history":[{"count":18,"href":"https:\/\/gevangenpoort.nl\/de\/wp-json\/wp\/v2\/pages\/2994\/revisions"}],"predecessor-version":[{"id":3388,"href":"https:\/\/gevangenpoort.nl\/de\/wp-json\/wp\/v2\/pages\/2994\/revisions\/3388"}],"wp:featuredmedia":[{"embeddable":true,"href":"https:\/\/gevangenpoort.nl\/de\/wp-json\/wp\/v2\/media\/2460"}],"wp:attachment":[{"href":"https:\/\/gevangenpoort.nl\/de\/wp-json\/wp\/v2\/media?parent=2994"}],"curies":[{"name":"wp","href":"https:\/\/api.w.org\/{rel}","templated":true}]}}